{"id":22,"date":"2024-10-25T21:44:26","date_gmt":"2024-10-25T21:44:26","guid":{"rendered":"https:\/\/enjooymusic.com\/?page_id=22"},"modified":"2025-01-15T16:07:09","modified_gmt":"2025-01-15T16:07:09","slug":"home","status":"publish","type":"page","link":"https:\/\/enjooymusic.com\/es\/","title":{"rendered":"Inicio"},"content":{"rendered":"<p>[et_pb_section fb_built=&#8221;1&#8243; custom_padding_last_edited=&#8221;on|phone&#8221; next_background_color=&#8221;#ffffff&#8221; _builder_version=&#8221;4.27.4&#8243; _module_preset=&#8221;default&#8221; background_color=&#8221;#9b9b9b&#8221; background_image=&#8221;https:\/\/enjooymusic.com\/wp-content\/uploads\/2024\/12\/concert-stage-3.webp&#8221; background_blend=&#8221;multiply&#8221; custom_padding=&#8221;12vh||10vh||false|false&#8221; custom_padding_tablet=&#8221;12vh||10vh||false|false&#8221; custom_padding_phone=&#8221;10vh||5vh||false|false&#8221; bottom_divider_style=&#8221;curve&#8221; bottom_divider_height_tablet=&#8221;&#8221; bottom_divider_height_phone=&#8221;30px&#8221; bottom_divider_height_last_edited=&#8221;on|phone&#8221; global_colors_info=&#8221;{}&#8221;][et_pb_row _builder_version=&#8221;4.27.2&#8243; _module_preset=&#8221;default&#8221; global_colors_info=&#8221;{}&#8221;][et_pb_column type=&#8221;4_4&#8243; _builder_version=&#8221;4.27.2&#8243; _module_preset=&#8221;default&#8221; global_colors_info=&#8221;{}&#8221;][et_pb_image src=&#8221;https:\/\/enjooymusic.com\/wp-content\/uploads\/2024\/12\/enjooy-music-white.webp&#8221; title_text=&#8221;enjooy-music white&#8221; align=&#8221;center&#8221; _builder_version=&#8221;4.27.4&#8243; _module_preset=&#8221;default&#8221; max_width=&#8221;500px&#8221; max_width_tablet=&#8221;60%&#8221; max_width_phone=&#8221;70%&#8221; max_width_last_edited=&#8221;on|tablet&#8221; global_colors_info=&#8221;{}&#8221;][\/et_pb_image][et_pb_text _builder_version=&#8221;4.27.4&#8243; _module_preset=&#8221;default&#8221; text_text_color=&#8221;#FFFFFF&#8221; text_line_height=&#8221;1.2em&#8221; text_orientation=&#8221;center&#8221; background_layout=&#8221;dark&#8221; max_width=&#8221;800px&#8221; module_alignment=&#8221;center&#8221; hover_enabled=&#8221;0&#8243; global_colors_info=&#8221;{}&#8221; sticky_enabled=&#8221;0&#8243;]<\/p>\n<h1>Vive la emoci\u00f3n de los mejores conciertos con ENJOOY Music<\/h1>\n<p>En ENJOOY Music hacemos realidad tus sue\u00f1os musicales, ofreci\u00e9ndote entradas para conciertos exclusivos en Espa\u00f1a y Europa. Adem\u00e1s, puedes personalizar tu experiencia con paquetes a medida que incluyen vuelos, alojamiento y acceso a eventos especiales. Si buscas un concierto en particular, cons\u00faltanos y nos encargaremos de conseguirte las entradas. Vive la experiencia de los mejores conciertos y sum\u00e9rgete en la energ\u00eda de la m\u00fasica en vivo.<\/p>\n<p>[\/et_pb_text][et_pb_button button_text=&#8221;Plan You Trip&#8221; button_alignment=&#8221;center&#8221; module_class=&#8221;form&#8221; _builder_version=&#8221;4.27.4&#8243; _module_preset=&#8221;default&#8221; global_colors_info=&#8221;{}&#8221;][\/et_pb_button][\/et_pb_column][\/et_pb_row][\/et_pb_section][et_pb_section fb_built=&#8221;1&#8243; custom_padding_last_edited=&#8221;on|phone&#8221; _builder_version=&#8221;4.27.2&#8243; _module_preset=&#8221;default&#8221; custom_padding=&#8221;80px||80px||true|false&#8221; custom_padding_tablet=&#8221;80px||80px||true|false&#8221; custom_padding_phone=&#8221;50px||50px||true|false&#8221; global_colors_info=&#8221;{}&#8221;][et_pb_row _builder_version=&#8221;4.27.2&#8243; _module_preset=&#8221;default&#8221; custom_padding=&#8221;0px||0px||true|false&#8221; global_colors_info=&#8221;{}&#8221;][et_pb_column type=&#8221;4_4&#8243; _builder_version=&#8221;4.27.2&#8243; _module_preset=&#8221;default&#8221; global_colors_info=&#8221;{}&#8221;][et_pb_shop posts_number=&#8221;-1&#8243; show_price=&#8221;off&#8221; show_rating=&#8221;off&#8221; _builder_version=&#8221;4.27.4&#8243; _module_preset=&#8221;default&#8221; text_orientation=&#8221;center&#8221; border_radii_image=&#8221;on|10px|10px|10px|10px&#8221; global_colors_info=&#8221;{}&#8221;][\/et_pb_shop][\/et_pb_column][\/et_pb_row][\/et_pb_section]<\/p>","protected":false},"excerpt":{"rendered":"<p>Live the Energy of the Best Concerts with ENJOOY Music At ENJOOY Music, we make your musical dreams come true by offering tickets to the most anticipated concerts in Spain and Europe. You can also customize your experience with tailor-made packages that include flights, accommodation, and access to exclusive events. If you&#8217;re looking for a [&hellip;]<\/p>","protected":false},"author":1,"featured_media":0,"parent":0,"menu_order":1,"comment_status":"closed","ping_status":"closed","template":"","meta":{"_acf_changed":false,"_et_pb_use_builder":"on","_et_pb_old_content":"<!-- wp:divi\/placeholder \/-->","_et_gb_content_width":"","footnotes":""},"dipi_cpt_category":[],"class_list":["post-22","page","type-page","status-publish","hentry"],"acf":[],"yoast_head":"<!-- This site is optimized with the Yoast SEO Premium plugin v24.8 (Yoast SEO v25.4) - https:\/\/yoast.com\/wordpress\/plugins\/seo\/ -->\n<title>Home - Enjooy Music<\/title>\n<meta name=\"robots\" content=\"index, follow, max-snippet:-1, max-image-preview:large, max-video-preview:-1\" \/>\n<link rel=\"canonical\" href=\"https:\/\/enjooymusic.com\/es\/\" \/>\n<meta property=\"og:locale\" content=\"es_ES\" \/>\n<meta property=\"og:type\" content=\"article\" \/>\n<meta property=\"og:title\" content=\"Home\" \/>\n<meta property=\"og:description\" content=\"Live the Energy of the Best Concerts with ENJOOY Music At ENJOOY Music, we make your musical dreams come true by offering tickets to the most anticipated concerts in Spain and Europe. You can also customize your experience with tailor-made packages that include flights, accommodation, and access to exclusive events. If you&#039;re looking for a [&hellip;]\" \/>\n<meta property=\"og:url\" content=\"https:\/\/enjooymusic.com\/es\/\" \/>\n<meta property=\"og:site_name\" content=\"Enjooy Music\" \/>\n<meta property=\"article:modified_time\" content=\"2025-01-15T16:07:09+00:00\" \/>\n<meta name=\"twitter:card\" content=\"summary_large_image\" \/>\n<meta name=\"twitter:label1\" content=\"Tiempo de lectura\" \/>\n\t<meta name=\"twitter:data1\" content=\"2 minutos\" \/>\n<script type=\"application\/ld+json\" class=\"yoast-schema-graph\">{\"@context\":\"https:\/\/schema.org\",\"@graph\":[{\"@type\":\"WebPage\",\"@id\":\"https:\/\/enjooymusic.com\/\",\"url\":\"https:\/\/enjooymusic.com\/\",\"name\":\"Home - Enjooy Music\",\"isPartOf\":{\"@id\":\"https:\/\/enjooymusic.com\/#website\"},\"datePublished\":\"2024-10-25T21:44:26+00:00\",\"dateModified\":\"2025-01-15T16:07:09+00:00\",\"breadcrumb\":{\"@id\":\"https:\/\/enjooymusic.com\/#breadcrumb\"},\"inLanguage\":\"es\",\"potentialAction\":[{\"@type\":\"ReadAction\",\"target\":[\"https:\/\/enjooymusic.com\/\"]}]},{\"@type\":\"BreadcrumbList\",\"@id\":\"https:\/\/enjooymusic.com\/#breadcrumb\",\"itemListElement\":[{\"@type\":\"ListItem\",\"position\":1,\"name\":\"Home\",\"item\":\"https:\/\/enjooymusic.com\/\"},{\"@type\":\"ListItem\",\"position\":2,\"name\":\"Home\"}]},{\"@type\":\"WebSite\",\"@id\":\"https:\/\/enjooymusic.com\/#website\",\"url\":\"https:\/\/enjooymusic.com\/\",\"name\":\"Enjooy Music\",\"description\":\"Tickets\",\"publisher\":{\"@id\":\"https:\/\/enjooymusic.com\/#organization\"},\"potentialAction\":[{\"@type\":\"SearchAction\",\"target\":{\"@type\":\"EntryPoint\",\"urlTemplate\":\"https:\/\/enjooymusic.com\/?s={search_term_string}\"},\"query-input\":{\"@type\":\"PropertyValueSpecification\",\"valueRequired\":true,\"valueName\":\"search_term_string\"}}],\"inLanguage\":\"es\"},{\"@type\":\"Organization\",\"@id\":\"https:\/\/enjooymusic.com\/#organization\",\"name\":\"Enjooy Music\",\"url\":\"https:\/\/enjooymusic.com\/\",\"logo\":{\"@type\":\"ImageObject\",\"inLanguage\":\"es\",\"@id\":\"https:\/\/enjooymusic.com\/#\/schema\/logo\/image\/\",\"url\":\"https:\/\/enjooymusic.com\/wp-content\/uploads\/2024\/12\/enjooy-music.webp\",\"contentUrl\":\"https:\/\/enjooymusic.com\/wp-content\/uploads\/2024\/12\/enjooy-music.webp\",\"width\":752,\"height\":299,\"caption\":\"Enjooy Music\"},\"image\":{\"@id\":\"https:\/\/enjooymusic.com\/#\/schema\/logo\/image\/\"}}]}<\/script>\n<!-- \/ Yoast SEO Premium plugin. -->","yoast_head_json":{"title":"Home - Enjooy Music","robots":{"index":"index","follow":"follow","max-snippet":"max-snippet:-1","max-image-preview":"max-image-preview:large","max-video-preview":"max-video-preview:-1"},"canonical":"https:\/\/enjooymusic.com\/es\/","og_locale":"es_ES","og_type":"article","og_title":"Home","og_description":"Live the Energy of the Best Concerts with ENJOOY Music At ENJOOY Music, we make your musical dreams come true by offering tickets to the most anticipated concerts in Spain and Europe. You can also customize your experience with tailor-made packages that include flights, accommodation, and access to exclusive events. If you're looking for a [&hellip;]","og_url":"https:\/\/enjooymusic.com\/es\/","og_site_name":"Enjooy Music","article_modified_time":"2025-01-15T16:07:09+00:00","twitter_card":"summary_large_image","twitter_misc":{"Tiempo de lectura":"2 minutos"},"schema":{"@context":"https:\/\/schema.org","@graph":[{"@type":"WebPage","@id":"https:\/\/enjooymusic.com\/","url":"https:\/\/enjooymusic.com\/","name":"Home - Enjooy Music","isPartOf":{"@id":"https:\/\/enjooymusic.com\/#website"},"datePublished":"2024-10-25T21:44:26+00:00","dateModified":"2025-01-15T16:07:09+00:00","breadcrumb":{"@id":"https:\/\/enjooymusic.com\/#breadcrumb"},"inLanguage":"es","potentialAction":[{"@type":"ReadAction","target":["https:\/\/enjooymusic.com\/"]}]},{"@type":"BreadcrumbList","@id":"https:\/\/enjooymusic.com\/#breadcrumb","itemListElement":[{"@type":"ListItem","position":1,"name":"Home","item":"https:\/\/enjooymusic.com\/"},{"@type":"ListItem","position":2,"name":"Home"}]},{"@type":"WebSite","@id":"https:\/\/enjooymusic.com\/#website","url":"https:\/\/enjooymusic.com\/","name":"Enjooy Music","description":"Tickets","publisher":{"@id":"https:\/\/enjooymusic.com\/#organization"},"potentialAction":[{"@type":"SearchAction","target":{"@type":"EntryPoint","urlTemplate":"https:\/\/enjooymusic.com\/?s={search_term_string}"},"query-input":{"@type":"PropertyValueSpecification","valueRequired":true,"valueName":"search_term_string"}}],"inLanguage":"es"},{"@type":"Organization","@id":"https:\/\/enjooymusic.com\/#organization","name":"Enjooy Music","url":"https:\/\/enjooymusic.com\/","logo":{"@type":"ImageObject","inLanguage":"es","@id":"https:\/\/enjooymusic.com\/#\/schema\/logo\/image\/","url":"https:\/\/enjooymusic.com\/wp-content\/uploads\/2024\/12\/enjooy-music.webp","contentUrl":"https:\/\/enjooymusic.com\/wp-content\/uploads\/2024\/12\/enjooy-music.webp","width":752,"height":299,"caption":"Enjooy Music"},"image":{"@id":"https:\/\/enjooymusic.com\/#\/schema\/logo\/image\/"}}]}},"_links":{"self":[{"href":"https:\/\/enjooymusic.com\/es\/wp-json\/wp\/v2\/pages\/22","targetHints":{"allow":["GET"]}}],"collection":[{"href":"https:\/\/enjooymusic.com\/es\/wp-json\/wp\/v2\/pages"}],"about":[{"href":"https:\/\/enjooymusic.com\/es\/wp-json\/wp\/v2\/types\/page"}],"author":[{"embeddable":true,"href":"https:\/\/enjooymusic.com\/es\/wp-json\/wp\/v2\/users\/1"}],"replies":[{"embeddable":true,"href":"https:\/\/enjooymusic.com\/es\/wp-json\/wp\/v2\/comments?post=22"}],"version-history":[{"count":29,"href":"https:\/\/enjooymusic.com\/es\/wp-json\/wp\/v2\/pages\/22\/revisions"}],"predecessor-version":[{"id":430,"href":"https:\/\/enjooymusic.com\/es\/wp-json\/wp\/v2\/pages\/22\/revisions\/430"}],"wp:attachment":[{"href":"https:\/\/enjooymusic.com\/es\/wp-json\/wp\/v2\/media?parent=22"}],"wp:term":[{"taxonomy":"dipi_cpt_category","embeddable":true,"href":"https:\/\/enjooymusic.com\/es\/wp-json\/wp\/v2\/dipi_cpt_category?post=22"}],"curies":[{"name":"wp","href":"https:\/\/api.w.org\/{rel}","templated":true}]}}